{"id":4269,"date":"2024-08-06T12:10:05","date_gmt":"2024-08-06T10:10:05","guid":{"rendered":"https:\/\/manitou.hayesbicycle.wslabs.it\/store-dealer\/"},"modified":"2025-05-05T16:31:04","modified_gmt":"2025-05-05T14:31:04","slug":"store-dealer","status":"publish","type":"page","link":"https:\/\/manitou.hayesbicycle.wslabs.it\/fr\/store-dealer\/","title":{"rendered":"Store Dealer"},"content":{"rendered":"","protected":false},"excerpt":{"rendered":"","protected":false},"author":1,"featured_media":0,"parent":0,"menu_order":0,"comment_status":"closed","ping_status":"closed","template":"","meta":{"_acf_changed":false,"footnotes":""},"class_list":["post-4269","page","type-page","status-publish","hentry"],"acf":[],"yoast_head":"<!-- This site is optimized with the Yoast SEO plugin v27.4 - https:\/\/yoast.com\/product\/yoast-seo-wordpress\/ -->\n<title>Localisateur de magasins Manitou<\/title>\n<meta name=\"description\" content=\"Sur cette page, vous trouverez la liste compl\u00e8te des composants de suspension Manitou ainsi que les revendeurs sp\u00e9cialis\u00e9s qui les proposent en magasin.\" \/>\n<meta name=\"robots\" content=\"noindex, follow, max-snippet:-1, max-image-preview:large, max-video-preview:-1\" \/>\n<meta property=\"og:locale\" content=\"fr_FR\" \/>\n<meta property=\"og:type\" content=\"article\" \/>\n<meta property=\"og:title\" content=\"Localisateur de magasins Manitou\" \/>\n<meta property=\"og:description\" content=\"Sur cette page, vous trouverez la liste compl\u00e8te des composants de suspension Manitou ainsi que les revendeurs sp\u00e9cialis\u00e9s qui les proposent en magasin.\" \/>\n<meta property=\"og:url\" content=\"https:\/\/manitou.hayesbicycle.wslabs.it\/fr\/store-dealer\/\" \/>\n<meta property=\"og:site_name\" content=\"Manitou\" \/>\n<meta property=\"article:modified_time\" content=\"2025-05-05T14:31:04+00:00\" \/>\n<meta name=\"twitter:card\" content=\"summary_large_image\" \/>\n<script type=\"application\/ld+json\" class=\"yoast-schema-graph\">{\"@context\":\"https:\\\/\\\/schema.org\",\"@graph\":[{\"@type\":\"WebPage\",\"@id\":\"https:\\\/\\\/manitou.hayesbicycle.wslabs.it\\\/fr\\\/store-dealer\\\/\",\"url\":\"https:\\\/\\\/manitou.hayesbicycle.wslabs.it\\\/fr\\\/store-dealer\\\/\",\"name\":\"Localisateur de magasins Manitou\",\"isPartOf\":{\"@id\":\"https:\\\/\\\/manitou.hayesbicycle.wslabs.it\\\/fr\\\/#website\"},\"datePublished\":\"2024-08-06T10:10:05+00:00\",\"dateModified\":\"2025-05-05T14:31:04+00:00\",\"description\":\"Sur cette page, vous trouverez la liste compl\u00e8te des composants de suspension Manitou ainsi que les revendeurs sp\u00e9cialis\u00e9s qui les proposent en magasin.\",\"breadcrumb\":{\"@id\":\"https:\\\/\\\/manitou.hayesbicycle.wslabs.it\\\/fr\\\/store-dealer\\\/#breadcrumb\"},\"inLanguage\":\"fr-FR\",\"potentialAction\":[{\"@type\":\"ReadAction\",\"target\":[\"https:\\\/\\\/manitou.hayesbicycle.wslabs.it\\\/fr\\\/store-dealer\\\/\"]}]},{\"@type\":\"BreadcrumbList\",\"@id\":\"https:\\\/\\\/manitou.hayesbicycle.wslabs.it\\\/fr\\\/store-dealer\\\/#breadcrumb\",\"itemListElement\":[{\"@type\":\"ListItem\",\"position\":1,\"name\":\"Home\",\"item\":\"https:\\\/\\\/manitou.hayesbicycle.wslabs.it\\\/fr\\\/\"},{\"@type\":\"ListItem\",\"position\":2,\"name\":\"Store Dealer\"}]},{\"@type\":\"WebSite\",\"@id\":\"https:\\\/\\\/manitou.hayesbicycle.wslabs.it\\\/fr\\\/#website\",\"url\":\"https:\\\/\\\/manitou.hayesbicycle.wslabs.it\\\/fr\\\/\",\"name\":\"Manitou\",\"description\":\"\",\"publisher\":{\"@id\":\"https:\\\/\\\/manitou.hayesbicycle.wslabs.it\\\/fr\\\/#organization\"},\"potentialAction\":[{\"@type\":\"SearchAction\",\"target\":{\"@type\":\"EntryPoint\",\"urlTemplate\":\"https:\\\/\\\/manitou.hayesbicycle.wslabs.it\\\/fr\\\/?s={search_term_string}\"},\"query-input\":{\"@type\":\"PropertyValueSpecification\",\"valueRequired\":true,\"valueName\":\"search_term_string\"}}],\"inLanguage\":\"fr-FR\"},{\"@type\":\"Organization\",\"@id\":\"https:\\\/\\\/manitou.hayesbicycle.wslabs.it\\\/fr\\\/#organization\",\"name\":\"Manitou by Hayes\",\"url\":\"https:\\\/\\\/manitou.hayesbicycle.wslabs.it\\\/fr\\\/\",\"logo\":{\"@type\":\"ImageObject\",\"inLanguage\":\"fr-FR\",\"@id\":\"https:\\\/\\\/manitou.hayesbicycle.wslabs.it\\\/fr\\\/#\\\/schema\\\/logo\\\/image\\\/\",\"url\":\"https:\\\/\\\/manitou.hayesbicycle.wslabs.it\\\/wp-content\\\/uploads\\\/sites\\\/3\\\/2025\\\/02\\\/manitou-logo.png\",\"contentUrl\":\"https:\\\/\\\/manitou.hayesbicycle.wslabs.it\\\/wp-content\\\/uploads\\\/sites\\\/3\\\/2025\\\/02\\\/manitou-logo.png\",\"width\":318,\"height\":67,\"caption\":\"Manitou by Hayes\"},\"image\":{\"@id\":\"https:\\\/\\\/manitou.hayesbicycle.wslabs.it\\\/fr\\\/#\\\/schema\\\/logo\\\/image\\\/\"}}]}<\/script>\n<!-- \/ Yoast SEO plugin. -->","yoast_head_json":{"title":"Localisateur de magasins Manitou","description":"Sur cette page, vous trouverez la liste compl\u00e8te des composants de suspension Manitou ainsi que les revendeurs sp\u00e9cialis\u00e9s qui les proposent en magasin.","robots":{"index":"noindex","follow":"follow","max-snippet":"max-snippet:-1","max-image-preview":"max-image-preview:large","max-video-preview":"max-video-preview:-1"},"og_locale":"fr_FR","og_type":"article","og_title":"Localisateur de magasins Manitou","og_description":"Sur cette page, vous trouverez la liste compl\u00e8te des composants de suspension Manitou ainsi que les revendeurs sp\u00e9cialis\u00e9s qui les proposent en magasin.","og_url":"https:\/\/manitou.hayesbicycle.wslabs.it\/fr\/store-dealer\/","og_site_name":"Manitou","article_modified_time":"2025-05-05T14:31:04+00:00","twitter_card":"summary_large_image","schema":{"@context":"https:\/\/schema.org","@graph":[{"@type":"WebPage","@id":"https:\/\/manitou.hayesbicycle.wslabs.it\/fr\/store-dealer\/","url":"https:\/\/manitou.hayesbicycle.wslabs.it\/fr\/store-dealer\/","name":"Localisateur de magasins Manitou","isPartOf":{"@id":"https:\/\/manitou.hayesbicycle.wslabs.it\/fr\/#website"},"datePublished":"2024-08-06T10:10:05+00:00","dateModified":"2025-05-05T14:31:04+00:00","description":"Sur cette page, vous trouverez la liste compl\u00e8te des composants de suspension Manitou ainsi que les revendeurs sp\u00e9cialis\u00e9s qui les proposent en magasin.","breadcrumb":{"@id":"https:\/\/manitou.hayesbicycle.wslabs.it\/fr\/store-dealer\/#breadcrumb"},"inLanguage":"fr-FR","potentialAction":[{"@type":"ReadAction","target":["https:\/\/manitou.hayesbicycle.wslabs.it\/fr\/store-dealer\/"]}]},{"@type":"BreadcrumbList","@id":"https:\/\/manitou.hayesbicycle.wslabs.it\/fr\/store-dealer\/#breadcrumb","itemListElement":[{"@type":"ListItem","position":1,"name":"Home","item":"https:\/\/manitou.hayesbicycle.wslabs.it\/fr\/"},{"@type":"ListItem","position":2,"name":"Store Dealer"}]},{"@type":"WebSite","@id":"https:\/\/manitou.hayesbicycle.wslabs.it\/fr\/#website","url":"https:\/\/manitou.hayesbicycle.wslabs.it\/fr\/","name":"Manitou","description":"","publisher":{"@id":"https:\/\/manitou.hayesbicycle.wslabs.it\/fr\/#organization"},"potentialAction":[{"@type":"SearchAction","target":{"@type":"EntryPoint","urlTemplate":"https:\/\/manitou.hayesbicycle.wslabs.it\/fr\/?s={search_term_string}"},"query-input":{"@type":"PropertyValueSpecification","valueRequired":true,"valueName":"search_term_string"}}],"inLanguage":"fr-FR"},{"@type":"Organization","@id":"https:\/\/manitou.hayesbicycle.wslabs.it\/fr\/#organization","name":"Manitou by Hayes","url":"https:\/\/manitou.hayesbicycle.wslabs.it\/fr\/","logo":{"@type":"ImageObject","inLanguage":"fr-FR","@id":"https:\/\/manitou.hayesbicycle.wslabs.it\/fr\/#\/schema\/logo\/image\/","url":"https:\/\/manitou.hayesbicycle.wslabs.it\/wp-content\/uploads\/sites\/3\/2025\/02\/manitou-logo.png","contentUrl":"https:\/\/manitou.hayesbicycle.wslabs.it\/wp-content\/uploads\/sites\/3\/2025\/02\/manitou-logo.png","width":318,"height":67,"caption":"Manitou by Hayes"},"image":{"@id":"https:\/\/manitou.hayesbicycle.wslabs.it\/fr\/#\/schema\/logo\/image\/"}}]}},"_links":{"self":[{"href":"https:\/\/manitou.hayesbicycle.wslabs.it\/fr\/wp-json\/wp\/v2\/pages\/4269","targetHints":{"allow":["GET"]}}],"collection":[{"href":"https:\/\/manitou.hayesbicycle.wslabs.it\/fr\/wp-json\/wp\/v2\/pages"}],"about":[{"href":"https:\/\/manitou.hayesbicycle.wslabs.it\/fr\/wp-json\/wp\/v2\/types\/page"}],"author":[{"embeddable":true,"href":"https:\/\/manitou.hayesbicycle.wslabs.it\/fr\/wp-json\/wp\/v2\/users\/1"}],"replies":[{"embeddable":true,"href":"https:\/\/manitou.hayesbicycle.wslabs.it\/fr\/wp-json\/wp\/v2\/comments?post=4269"}],"version-history":[{"count":2,"href":"https:\/\/manitou.hayesbicycle.wslabs.it\/fr\/wp-json\/wp\/v2\/pages\/4269\/revisions"}],"predecessor-version":[{"id":6710,"href":"https:\/\/manitou.hayesbicycle.wslabs.it\/fr\/wp-json\/wp\/v2\/pages\/4269\/revisions\/6710"}],"wp:attachment":[{"href":"https:\/\/manitou.hayesbicycle.wslabs.it\/fr\/wp-json\/wp\/v2\/media?parent=4269"}],"curies":[{"name":"wp","href":"https:\/\/api.w.org\/{rel}","templated":true}]}}